{"id":93769,"date":"2026-04-03T12:52:24","date_gmt":"2026-04-03T12:52:24","guid":{"rendered":"https:\/\/mybusinessfuture.com\/mentions-legales\/"},"modified":"2026-04-03T12:52:24","modified_gmt":"2026-04-03T12:52:24","slug":"mentions-legales","status":"publish","type":"page","link":"https:\/\/mybusinessfuture.com\/fr\/mentions-legales\/","title":{"rendered":"Mentions l\u00e9gales et contact"},"content":{"rendered":"<div class=\"evm-impressum\">\n<div class=\"evm-imp-logo-wrap\">\n<img decoding=\"async\" loading=\"lazy\" src=\"https:\/\/mybusinessfuture.com\/wp-content\/uploads\/2026\/03\/mbf-media-logo-rgb-black.png\" alt=\"MBF Media\">\n<\/div>\n<p class=\"evm-imp-subtitle\">MyBusinessFuture est un magazine sp\u00e9cialis\u00e9 B2B de <a href=\"https:\/\/evernine-media.com\/\" target=\"_blank\" rel=\"noopener\">evernine media GmbH<\/a> et fait partie du r\u00e9seau <span class=\"nbr\">MBF Media<\/span>.<\/p>\n<div class=\"evm-imp-grid\">\n<div class=\"evm-imp-card\">\n<h3>Demandes r\u00e9dactionnelles<\/h3>\n<p><a href=\"mailto:redaktion@mybusinessfuture.com\">redaktion@mybusinessfuture.com<\/a><\/p>\n<\/div>\n<div class=\"evm-imp-card\">\n<h3>M\u00e9dia &amp; Coop\u00e9rations<\/h3>\n<p><a href=\"mailto:mediarelations@mybusinessfuture.com\">mediarelations@mybusinessfuture.com<\/a><\/p>\n<\/div>\n<\/div>\n<h2>Informations conform\u00e9ment \u00e0 \u00a7 5 TMG<\/h2>\n<div class=\"evm-imp-section\">\n<p>evernine media GmbH<br \/>Watzmannstr. 1a, 81541 Munich<\/p>\n<p>Registre du commerce : HRB 242113, Tribunal de grande instance de Munich<\/p>\n<p><strong>Repr\u00e9sent\u00e9 par :<\/strong> Tobias Massow, Directeur g\u00e9n\u00e9ral<\/p>\n<p>T\u00e9l\u00e9phone : +49 89 \/ 9390 99 00-0 &middot; E-Mail : <a href=\"mailto:contact@evernine-media.com\">contact@evernine-media.com<\/a><\/p>\n<\/div>\n<h2>Num\u00e9ro de TVA<\/h2>\n<div class=\"evm-imp-section\">\n<p>Num\u00e9ro d&rsquo;identification de la TVA conform\u00e9ment \u00e0 \u00a7 27a UStG : DE296899375<\/p>\n<\/div>\n<h2>ISSN<\/h2>\n<div class=\"evm-imp-section\">\n<p><span class=\"evm-imp-issn\">3054-2758<\/span><\/p>\n<\/div>\n<h2>V.i.S.d.P. \u00a7 55 Abs. 2 RStV<\/h2>\n<div class=\"evm-imp-section\">\n<p>Benedikt Langer, Watzmannstr. 1a, 81541 Munich<\/p>\n<\/div>\n<h2>R\u00e8glement des litiges de l&rsquo;UE<\/h2>\n<div class=\"evm-imp-section\">\n<p>La Commission europ\u00e9enne met \u00e0 disposition une plateforme pour le r\u00e8glement en ligne des litiges (OS) : <a href=\"https:\/\/ec.europa.eu\/consumers\/odr\" target=\"_blank\" rel=\"noopener\">ec.europa.eu\/consumers\/odr<\/a>. Vous trouverez notre adresse e-mail ci-dessus dans les mentions l\u00e9gales.<\/p>\n<\/div>\n<h2>R\u00e8glement des litiges de consommation<\/h2>\n<div class=\"evm-imp-section\">\n<p>Nous ne sommes pas dispos\u00e9s ou oblig\u00e9s de participer \u00e0 des proc\u00e9dures de r\u00e8glement des litiges devant une commission de conciliation des consommateurs.<\/p>\n<\/div>\n<h2>Cr\u00e9dits photographiques<\/h2>\n<div class=\"evm-imp-section\">\n<p style=\"font-size:0.88em !important;color:#666 !important;\">Images d&rsquo;articles : Pexels, Unsplash, Pixabay (libre de droits) ainsi que iStock\/Adobe Stock (sous licence, utilisation limit\u00e9e \u00e0 mybusinessfuture.com). Cr\u00e9dits photographiques individuels \u00e0 la fin de chaque article.<\/p>\n<\/div>\n<div class=\"evm-imp-mag-section\">\n<h2 class=\"evm-imp-mag-title>Quatre perspectives. Un r\u00e9seau.<\/h2>\n<div class=\"evm-imp-mag-grid\">\n<div class=\"evm-imp-mag-card mag-cloud\">\n<img decoding=\"async\" loading=\"lazy\" src=\"https:\/\/mybusinessfuture.com\/wp-content\/uploads\/2026\/02\/logo-cloudmagazin.png\" alt=\"cloudmagazin\"><\/p>\n<p>Infrastructure cloud, co\u00fbts, migration et strat\u00e9gies hyperscaler pour les PME allemandes.<\/p>\n<\/div>\n<div class=\"evm-imp-mag-card mag-security\">\n<img decoding=\"async\" loading=\"lazy\" src=\"https:\/\/mybusinessfuture.com\/wp-content\/uploads\/2026\/02\/logo-securitytoday-1.png\" alt=\"SecurityToday\"><\/p>\n<p>Risques cyber, conformit\u00e9, intelligence des menaces et architectures Zero-Trust dans l&rsquo;espace DACH.<\/p>\n<\/div>\n<div class=\"evm-imp-mag-card mag-dc\">\n<img decoding=\"async\" loading=\"lazy\" src=\"https:\/\/mybusinessfuture.com\/wp-content\/uploads\/2026\/02\/digitalchiefs.png\" alt=\"Digital Chiefs\"><\/p>\n<p>Leadership dans la transformation num\u00e9rique, strat\u00e9gies d&rsquo;IA et projets de transformation concrets.<\/p>\n<\/div>\n<div class=\"evm-imp-mag-card mag-mbf\">\n<img decoding=\"async\" loading=\"lazy\" src=\"https:\/\/mybusinessfuture.com\/wp-content\/uploads\/2026\/02\/logo-mbf.png\" alt=\"MyBusinessFuture\"><\/p>\n<p>Tendances IT, outils et analyses de march\u00e9 &#8211; ce que les d\u00e9cideurs devraient avoir en t\u00eate.<\/p>\n<\/div>\n<\/div>\n<div class=\"evm-imp-cta-wrap\">\n<a href=\"https:\/\/aktionen.mybusinessfuture.com\/mediadaten\/\" target=\"_blank\" rel=\"noopener\" class=\"evm-imp-cta\"><span class=\"nbr\">MBF Media<\/span> Voir les donn\u00e9es m\u00e9dia<\/a>\n<\/div>\n<div class=\"evm-imp-verlag\">\n<p>Une marque d&rsquo;\u00e9dition de evernine media GmbH<\/p>\n<\/div>\n<\/div>\n<\/div>\n","protected":false},"excerpt":{"rendered":"<p>MyBusinessFuture est un magazine sp\u00e9cialis\u00e9 B2B de evernine media GmbH et fait partie du r\u00e9seau MBF Media. Demandes r\u00e9dactionnelles redaktion@mybusinessfuture.com M\u00e9dia &amp; Coop\u00e9rations mediarelations@mybusinessfuture.com Informations conform\u00e9ment \u00e0 \u00a7 5 TMG evernine media GmbHWatzmannstr. 1a, 81541 Munich Registre du commerce : HRB 242113, Tribunal de grande instance de Munich Repr\u00e9sent\u00e9 par : Tobias Massow, Directeur g\u00e9n\u00e9ral [&hellip;]<\/p>\n","protected":false},"author":205,"featured_media":0,"parent":0,"menu_order":0,"comment_status":"closed","ping_status":"closed","template":"","meta":{"_acf_changed":false,"_yoast_wpseo_focuskw":"","_yoast_wpseo_title":"","_yoast_wpseo_metadesc":"","_yoast_wpseo_meta-robots-noindex":"","_yoast_wpseo_meta-robots-nofollow":"","_yoast_wpseo_meta-robots-adv":"","_yoast_wpseo_canonical":"","_yoast_wpseo_opengraph-title":"","_yoast_wpseo_opengraph-description":"","_yoast_wpseo_opengraph-image":"","_yoast_wpseo_opengraph-image-id":"","_yoast_wpseo_twitter-title":"","_yoast_wpseo_twitter-description":"","_yoast_wpseo_twitter-image":"","_yoast_wpseo_twitter-image-id":"","footnotes":""},"class_list":["post-93769","page","type-page","status-publish","hentry","entry"],"wpml_language":"fr","wpml_translation_of":18,"acf":[],"yoast_head":"<!-- This site is optimized with the Yoast SEO plugin v26.9 - https:\/\/yoast.com\/product\/yoast-seo-wordpress\/ -->\n<title>Mentions l\u00e9gales et contact - MyBusinessFuture<\/title>\n<meta name=\"robots\" content=\"index, follow, max-snippet:-1, max-image-preview:large, max-video-preview:-1\" \/>\n<link rel=\"canonical\" href=\"https:\/\/mybusinessfuture.com\/fr\/mentions-legales\/\" \/>\n<meta property=\"og:locale\" content=\"fr_FR\" \/>\n<meta property=\"og:type\" content=\"article\" \/>\n<meta property=\"og:title\" content=\"Mentions l\u00e9gales et contact - MyBusinessFuture\" \/>\n<meta property=\"og:description\" content=\"MyBusinessFuture est un magazine sp\u00e9cialis\u00e9 B2B de evernine media GmbH et fait partie du r\u00e9seau MBF Media. Demandes r\u00e9dactionnelles redaktion@mybusinessfuture.com M\u00e9dia &amp; Coop\u00e9rations mediarelations@mybusinessfuture.com Informations conform\u00e9ment \u00e0 \u00a7 5 TMG evernine media GmbHWatzmannstr. 1a, 81541 Munich Registre du commerce : HRB 242113, Tribunal de grande instance de Munich Repr\u00e9sent\u00e9 par : Tobias Massow, Directeur g\u00e9n\u00e9ral [&hellip;]\" \/>\n<meta property=\"og:url\" content=\"https:\/\/mybusinessfuture.com\/fr\/mentions-legales\/\" \/>\n<meta property=\"og:site_name\" content=\"MyBusinessFuture\" \/>\n<meta property=\"article:publisher\" content=\"https:\/\/www.facebook.com\/MyBusinessFuture\" \/>\n<meta property=\"og:image\" content=\"https:\/\/mybusinessfuture.com\/wp-content\/uploads\/2026\/03\/mbf-media-logo-rgb-black.png\" \/>\n<meta name=\"twitter:card\" content=\"summary_large_image\" \/>\n<meta name=\"twitter:site\" content=\"@mbusinessfuture\" \/>\n<meta name=\"twitter:label1\" content=\"Dur\u00e9e de lecture estim\u00e9e\" \/>\n\t<meta name=\"twitter:data1\" content=\"1 minute\" \/>\n<script type=\"application\/ld+json\" class=\"yoast-schema-graph\">{\"@context\":\"https:\/\/schema.org\",\"@graph\":[{\"@type\":\"WebPage\",\"@id\":\"https:\/\/mybusinessfuture.com\/fr\/mentions-legales\/\",\"url\":\"https:\/\/mybusinessfuture.com\/fr\/mentions-legales\/\",\"name\":\"Mentions l\u00e9gales et contact - MyBusinessFuture\",\"isPartOf\":{\"@id\":\"https:\/\/mybusinessfuture.com\/#website\"},\"primaryImageOfPage\":{\"@id\":\"https:\/\/mybusinessfuture.com\/fr\/mentions-legales\/#primaryimage\"},\"image\":{\"@id\":\"https:\/\/mybusinessfuture.com\/fr\/mentions-legales\/#primaryimage\"},\"thumbnailUrl\":\"https:\/\/mybusinessfuture.com\/wp-content\/uploads\/2026\/03\/mbf-media-logo-rgb-black.png\",\"datePublished\":\"2026-04-03T12:52:24+00:00\",\"breadcrumb\":{\"@id\":\"https:\/\/mybusinessfuture.com\/fr\/mentions-legales\/#breadcrumb\"},\"inLanguage\":\"fr-FR\",\"potentialAction\":[{\"@type\":\"ReadAction\",\"target\":[\"https:\/\/mybusinessfuture.com\/fr\/mentions-legales\/\"]}]},{\"@type\":\"ImageObject\",\"inLanguage\":\"fr-FR\",\"@id\":\"https:\/\/mybusinessfuture.com\/fr\/mentions-legales\/#primaryimage\",\"url\":\"https:\/\/mybusinessfuture.com\/wp-content\/uploads\/2026\/03\/mbf-media-logo-rgb-black.png\",\"contentUrl\":\"https:\/\/mybusinessfuture.com\/wp-content\/uploads\/2026\/03\/mbf-media-logo-rgb-black.png\"},{\"@type\":\"BreadcrumbList\",\"@id\":\"https:\/\/mybusinessfuture.com\/fr\/mentions-legales\/#breadcrumb\",\"itemListElement\":[{\"@type\":\"ListItem\",\"position\":1,\"name\":\"Startseite\",\"item\":\"https:\/\/mybusinessfuture.com\/\"},{\"@type\":\"ListItem\",\"position\":2,\"name\":\"Mentions l\u00e9gales et contact\"}]},{\"@type\":\"WebSite\",\"@id\":\"https:\/\/mybusinessfuture.com\/#website\",\"url\":\"https:\/\/mybusinessfuture.com\/\",\"name\":\"MyBusinessFuture\",\"description\":\"B2B-Magazin f\u00fcr Digitalisierung, KI und Business-Innovation \u2014 Fachartikel f\u00fcr IT-Entscheider im DACH-Raum\",\"publisher\":{\"@id\":\"https:\/\/mybusinessfuture.com\/#organization\"},\"potentialAction\":[{\"@type\":\"SearchAction\",\"target\":{\"@type\":\"EntryPoint\",\"urlTemplate\":\"https:\/\/mybusinessfuture.com\/?s={search_term_string}\"},\"query-input\":{\"@type\":\"PropertyValueSpecification\",\"valueRequired\":true,\"valueName\":\"search_term_string\"}}],\"inLanguage\":\"fr-FR\"},{\"@type\":\"Organization\",\"@id\":\"https:\/\/mybusinessfuture.com\/#organization\",\"name\":\"MyBusinessFuture\",\"url\":\"https:\/\/mybusinessfuture.com\/\",\"logo\":{\"@type\":\"ImageObject\",\"inLanguage\":\"fr-FR\",\"@id\":\"https:\/\/mybusinessfuture.com\/#\/schema\/logo\/image\/\",\"url\":\"https:\/\/mybusinessfuture.com\/wp-content\/uploads\/2020\/10\/MBF-logo-schwarz.png\",\"contentUrl\":\"https:\/\/mybusinessfuture.com\/wp-content\/uploads\/2020\/10\/MBF-logo-schwarz.png\",\"width\":398,\"height\":241,\"caption\":\"MyBusinessFuture\"},\"image\":{\"@id\":\"https:\/\/mybusinessfuture.com\/#\/schema\/logo\/image\/\"},\"sameAs\":[\"https:\/\/www.facebook.com\/MyBusinessFuture\",\"https:\/\/x.com\/mbusinessfuture\",\"https:\/\/www.linkedin.com\/showcase\/mybusinessfuture\/\"]}]}<\/script>\n<!-- \/ Yoast SEO plugin. -->","yoast_head_json":{"title":"Mentions l\u00e9gales et contact - MyBusinessFuture","robots":{"index":"index","follow":"follow","max-snippet":"max-snippet:-1","max-image-preview":"max-image-preview:large","max-video-preview":"max-video-preview:-1"},"canonical":"https:\/\/mybusinessfuture.com\/fr\/mentions-legales\/","og_locale":"fr_FR","og_type":"article","og_title":"Mentions l\u00e9gales et contact - MyBusinessFuture","og_description":"MyBusinessFuture est un magazine sp\u00e9cialis\u00e9 B2B de evernine media GmbH et fait partie du r\u00e9seau MBF Media. Demandes r\u00e9dactionnelles redaktion@mybusinessfuture.com M\u00e9dia &amp; Coop\u00e9rations mediarelations@mybusinessfuture.com Informations conform\u00e9ment \u00e0 \u00a7 5 TMG evernine media GmbHWatzmannstr. 1a, 81541 Munich Registre du commerce : HRB 242113, Tribunal de grande instance de Munich Repr\u00e9sent\u00e9 par : Tobias Massow, Directeur g\u00e9n\u00e9ral [&hellip;]","og_url":"https:\/\/mybusinessfuture.com\/fr\/mentions-legales\/","og_site_name":"MyBusinessFuture","article_publisher":"https:\/\/www.facebook.com\/MyBusinessFuture","og_image":[{"url":"https:\/\/mybusinessfuture.com\/wp-content\/uploads\/2026\/03\/mbf-media-logo-rgb-black.png","type":"","width":"","height":""}],"twitter_card":"summary_large_image","twitter_site":"@mbusinessfuture","twitter_misc":{"Dur\u00e9e de lecture estim\u00e9e":"1 minute"},"schema":{"@context":"https:\/\/schema.org","@graph":[{"@type":"WebPage","@id":"https:\/\/mybusinessfuture.com\/fr\/mentions-legales\/","url":"https:\/\/mybusinessfuture.com\/fr\/mentions-legales\/","name":"Mentions l\u00e9gales et contact - MyBusinessFuture","isPartOf":{"@id":"https:\/\/mybusinessfuture.com\/#website"},"primaryImageOfPage":{"@id":"https:\/\/mybusinessfuture.com\/fr\/mentions-legales\/#primaryimage"},"image":{"@id":"https:\/\/mybusinessfuture.com\/fr\/mentions-legales\/#primaryimage"},"thumbnailUrl":"https:\/\/mybusinessfuture.com\/wp-content\/uploads\/2026\/03\/mbf-media-logo-rgb-black.png","datePublished":"2026-04-03T12:52:24+00:00","breadcrumb":{"@id":"https:\/\/mybusinessfuture.com\/fr\/mentions-legales\/#breadcrumb"},"inLanguage":"fr-FR","potentialAction":[{"@type":"ReadAction","target":["https:\/\/mybusinessfuture.com\/fr\/mentions-legales\/"]}]},{"@type":"ImageObject","inLanguage":"fr-FR","@id":"https:\/\/mybusinessfuture.com\/fr\/mentions-legales\/#primaryimage","url":"https:\/\/mybusinessfuture.com\/wp-content\/uploads\/2026\/03\/mbf-media-logo-rgb-black.png","contentUrl":"https:\/\/mybusinessfuture.com\/wp-content\/uploads\/2026\/03\/mbf-media-logo-rgb-black.png"},{"@type":"BreadcrumbList","@id":"https:\/\/mybusinessfuture.com\/fr\/mentions-legales\/#breadcrumb","itemListElement":[{"@type":"ListItem","position":1,"name":"Startseite","item":"https:\/\/mybusinessfuture.com\/"},{"@type":"ListItem","position":2,"name":"Mentions l\u00e9gales et contact"}]},{"@type":"WebSite","@id":"https:\/\/mybusinessfuture.com\/#website","url":"https:\/\/mybusinessfuture.com\/","name":"MyBusinessFuture","description":"B2B-Magazin f\u00fcr Digitalisierung, KI und Business-Innovation \u2014 Fachartikel f\u00fcr IT-Entscheider im DACH-Raum","publisher":{"@id":"https:\/\/mybusinessfuture.com\/#organization"},"potentialAction":[{"@type":"SearchAction","target":{"@type":"EntryPoint","urlTemplate":"https:\/\/mybusinessfuture.com\/?s={search_term_string}"},"query-input":{"@type":"PropertyValueSpecification","valueRequired":true,"valueName":"search_term_string"}}],"inLanguage":"fr-FR"},{"@type":"Organization","@id":"https:\/\/mybusinessfuture.com\/#organization","name":"MyBusinessFuture","url":"https:\/\/mybusinessfuture.com\/","logo":{"@type":"ImageObject","inLanguage":"fr-FR","@id":"https:\/\/mybusinessfuture.com\/#\/schema\/logo\/image\/","url":"https:\/\/mybusinessfuture.com\/wp-content\/uploads\/2020\/10\/MBF-logo-schwarz.png","contentUrl":"https:\/\/mybusinessfuture.com\/wp-content\/uploads\/2020\/10\/MBF-logo-schwarz.png","width":398,"height":241,"caption":"MyBusinessFuture"},"image":{"@id":"https:\/\/mybusinessfuture.com\/#\/schema\/logo\/image\/"},"sameAs":["https:\/\/www.facebook.com\/MyBusinessFuture","https:\/\/x.com\/mbusinessfuture","https:\/\/www.linkedin.com\/showcase\/mybusinessfuture\/"]}]}},"_links":{"self":[{"href":"https:\/\/mybusinessfuture.com\/fr\/wp-json\/wp\/v2\/pages\/93769","targetHints":{"allow":["GET"]}}],"collection":[{"href":"https:\/\/mybusinessfuture.com\/fr\/wp-json\/wp\/v2\/pages"}],"about":[{"href":"https:\/\/mybusinessfuture.com\/fr\/wp-json\/wp\/v2\/types\/page"}],"author":[{"embeddable":true,"href":"https:\/\/mybusinessfuture.com\/fr\/wp-json\/wp\/v2\/users\/205"}],"replies":[{"embeddable":true,"href":"https:\/\/mybusinessfuture.com\/fr\/wp-json\/wp\/v2\/comments?post=93769"}],"version-history":[{"count":0,"href":"https:\/\/mybusinessfuture.com\/fr\/wp-json\/wp\/v2\/pages\/93769\/revisions"}],"wp:attachment":[{"href":"https:\/\/mybusinessfuture.com\/fr\/wp-json\/wp\/v2\/media?parent=93769"}],"curies":[{"name":"wp","href":"https:\/\/api.w.org\/{rel}","templated":true}]}}